{"id":101,"date":"2014-02-17T17:03:42","date_gmt":"2014-02-17T17:03:42","guid":{"rendered":"http:\/\/www.gruposantalaura.cl\/admin\/?page_id=101"},"modified":"2015-05-15T15:18:33","modified_gmt":"2015-05-15T15:18:33","slug":"contacto-i","status":"publish","type":"page","link":"http:\/\/www.gruposantalaura.cl\/admin\/?page_id=101","title":{"rendered":"Contacto"},"content":{"rendered":"<p><small>Ingenier\u00eda y Construcci\u00f3n Santa Laura: Camino Lonqu\u00e9n 10338, San Bernardo \/ Tel\u00e9fono (56-2) 2306 4400<\/small><\/p>\n<p><iframe loading=\"lazy\" style=\"border: 0;\" src=\"https:\/\/www.google.com\/maps\/embed?pb=!1m18!1m12!1m3!1d3326.0854653655674!2d-70.72702710000002!3d-33.5251635!2m3!1f0!2f0!3f0!3m2!1i1024!2i768!4f13.1!3m3!1m2!1s0x9662dc99cddefa5f%3A0xd87a18111794dbe0!2sCamino+A+Lonqu%C3%A9n+10338%2C+San+Bernardo%2C+Regi%C3%B3n+Metropolitana+de+Santiago!5e0!3m2!1ses-419!2scl!4v1431703002807\" frameborder=\"0\" width=\"860\" height=\"450\"><\/iframe><\/p>\n","protected":false},"excerpt":{"rendered":"<p>Ingenier\u00eda y Construcci\u00f3n Santa Laura: Camino Lonqu\u00e9n 10338, San Bernardo \/ Tel\u00e9fono (56-2) 2306 4400<\/p>\n","protected":false},"author":1,"featured_media":0,"parent":0,"menu_order":25,"comment_status":"open","ping_status":"open","template":"page-contact.php","meta":[],"_links":{"self":[{"href":"http:\/\/www.gruposantalaura.cl\/admin\/index.php?rest_route=\/wp\/v2\/pages\/101"}],"collection":[{"href":"http:\/\/www.gruposantalaura.cl\/admin\/index.php?rest_route=\/wp\/v2\/pages"}],"about":[{"href":"http:\/\/www.gruposantalaura.cl\/admin\/index.php?rest_route=\/wp\/v2\/types\/page"}],"author":[{"embeddable":true,"href":"http:\/\/www.gruposantalaura.cl\/admin\/index.php?rest_route=\/wp\/v2\/users\/1"}],"replies":[{"embeddable":true,"href":"http:\/\/www.gruposantalaura.cl\/admin\/index.php?rest_route=%2Fwp%2Fv2%2Fcomments&post=101"}],"version-history":[{"count":18,"href":"http:\/\/www.gruposantalaura.cl\/admin\/index.php?rest_route=\/wp\/v2\/pages\/101\/revisions"}],"predecessor-version":[{"id":1714,"href":"http:\/\/www.gruposantalaura.cl\/admin\/index.php?rest_route=\/wp\/v2\/pages\/101\/revisions\/1714"}],"wp:attachment":[{"href":"http:\/\/www.gruposantalaura.cl\/admin\/index.php?rest_route=%2Fwp%2Fv2%2Fmedia&parent=101"}],"curies":[{"name":"wp","href":"https:\/\/api.w.org\/{rel}","templated":true}]}}