{"id":12,"date":"2014-02-13T21:32:59","date_gmt":"2014-02-13T21:32:59","guid":{"rendered":"http:\/\/www.gruposantalaura.cl\/admin\/?page_id=12"},"modified":"2014-07-11T00:32:57","modified_gmt":"2014-07-11T00:32:57","slug":"truck-center","status":"publish","type":"page","link":"http:\/\/www.gruposantalaura.cl\/admin\/?page_id=12","title":{"rendered":"Truck Center"},"content":{"rendered":"<p style=\"text-align: center;\"><img loading=\"lazy\" class=\"aligncenter  wp-image-1486\" title=\"Empresa TC 2-01\" src=\"http:\/\/www.gruposantalaura.cl\/admin\/wp-content\/uploads\/2014\/02\/Empresa-TC-2-01.png\" alt=\"\" width=\"934\" height=\"530\" srcset=\"http:\/\/www.gruposantalaura.cl\/admin\/wp-content\/uploads\/2014\/02\/Empresa-TC-2-01.png 1167w, http:\/\/www.gruposantalaura.cl\/admin\/wp-content\/uploads\/2014\/02\/Empresa-TC-2-01-300x170.png 300w, http:\/\/www.gruposantalaura.cl\/admin\/wp-content\/uploads\/2014\/02\/Empresa-TC-2-01-1024x580.png 1024w\" sizes=\"(max-width: 934px) 100vw, 934px\" \/><\/p>\n<p style=\"text-align: justify;\"><span style=\"line-height: 19px; color: #fafafa;\">Especialistas en dar respuestas profesionales a los requerimientos y necesidades de recuperaci\u00f3n, reparaci\u00f3n, recauchaje y prestaci\u00f3n de servicios para neum\u00e1ticos de transporte terrestre, de carga y pasajeros.<\/span><\/p>\n","protected":false},"excerpt":{"rendered":"<p>Especialistas en dar respuestas profesionales a los requerimientos y necesidades de recuperaci\u00f3n, reparaci\u00f3n, recauchaje y prestaci\u00f3n de servicios para neum\u00e1ticos de transporte terrestre, de carga y pasajeros.<\/p>\n","protected":false},"author":1,"featured_media":1147,"parent":0,"menu_order":26,"comment_status":"open","ping_status":"closed","template":"","meta":[],"_links":{"self":[{"href":"http:\/\/www.gruposantalaura.cl\/admin\/index.php?rest_route=\/wp\/v2\/pages\/12"}],"collection":[{"href":"http:\/\/www.gruposantalaura.cl\/admin\/index.php?rest_route=\/wp\/v2\/pages"}],"about":[{"href":"http:\/\/www.gruposantalaura.cl\/admin\/index.php?rest_route=\/wp\/v2\/types\/page"}],"author":[{"embeddable":true,"href":"http:\/\/www.gruposantalaura.cl\/admin\/index.php?rest_route=\/wp\/v2\/users\/1"}],"replies":[{"embeddable":true,"href":"http:\/\/www.gruposantalaura.cl\/admin\/index.php?rest_route=%2Fwp%2Fv2%2Fcomments&post=12"}],"version-history":[{"count":28,"href":"http:\/\/www.gruposantalaura.cl\/admin\/index.php?rest_route=\/wp\/v2\/pages\/12\/revisions"}],"predecessor-version":[{"id":52,"href":"http:\/\/www.gruposantalaura.cl\/admin\/index.php?rest_route=\/wp\/v2\/pages\/12\/revisions\/52"}],"wp:featuredmedia":[{"embeddable":true,"href":"http:\/\/www.gruposantalaura.cl\/admin\/index.php?rest_route=\/wp\/v2\/media\/1147"}],"wp:attachment":[{"href":"http:\/\/www.gruposantalaura.cl\/admin\/index.php?rest_route=%2Fwp%2Fv2%2Fmedia&parent=12"}],"curies":[{"name":"wp","href":"https:\/\/api.w.org\/{rel}","templated":true}]}}