{"id":2,"date":"2014-02-13T21:20:32","date_gmt":"2014-02-13T21:20:32","guid":{"rendered":"http:\/\/www.gruposantalaura.cl\/admin\/?page_id=2"},"modified":"2014-07-11T20:18:03","modified_gmt":"2014-07-11T20:18:03","slug":"pagina-de-ejemplo","status":"publish","type":"page","link":"http:\/\/www.gruposantalaura.cl\/admin\/?page_id=2","title":{"rendered":"Minera Santa Laura"},"content":{"rendered":"<p style=\"text-align: center;\"><img loading=\"lazy\" class=\" wp-image-1527 aligncenter\" title=\"Compa\u00f1\u00eda Minera V-03-01\" src=\"http:\/\/www.gruposantalaura.cl\/admin\/wp-content\/uploads\/2014\/02\/Compa\u00f1\u00eda-Minera-V-03-01.png\" alt=\"\" width=\"934\" height=\"506\" srcset=\"http:\/\/www.gruposantalaura.cl\/admin\/wp-content\/uploads\/2014\/02\/Compa\u00f1\u00eda-Minera-V-03-01.png 1167w, http:\/\/www.gruposantalaura.cl\/admin\/wp-content\/uploads\/2014\/02\/Compa\u00f1\u00eda-Minera-V-03-01-300x162.png 300w, http:\/\/www.gruposantalaura.cl\/admin\/wp-content\/uploads\/2014\/02\/Compa\u00f1\u00eda-Minera-V-03-01-1024x554.png 1024w\" sizes=\"(max-width: 934px) 100vw, 934px\" \/><\/p>\n<table width=\"850\" border=\"0\" align=\"center\">\n<tbody>\n<tr>\n<td width=\"883\" height=\"133\">\n<p style=\"text-align: justify;\"><span style=\"line-height: 19px; color: #fafafa;\">L\u00edder en la extracci\u00f3n y elaboraci\u00f3n de \u00e1ridos, los que son\u00a0utilizados para el crecimiento y desarrollo de la construcci\u00f3n -y fundamentalmente- para importantes obras de infraestructura vial e inmobiliaria. Adem\u00e1s, son distribuidos a las principales Hormigoneras de Chile.<\/span><\/p>\n<\/td>\n<\/tr>\n<\/tbody>\n<\/table>\n","protected":false},"excerpt":{"rendered":"<p>L\u00edder en la extracci\u00f3n y elaboraci\u00f3n de \u00e1ridos, los que son\u00a0utilizados para el crecimiento y desarrollo de la construcci\u00f3n -y fundamentalmente- para importantes obras de infraestructura vial e inmobiliaria. Adem\u00e1s, son distribuidos a las principales Hormigoneras de Chile.<\/p>\n","protected":false},"author":1,"featured_media":951,"parent":0,"menu_order":0,"comment_status":"open","ping_status":"closed","template":"","meta":[],"_links":{"self":[{"href":"http:\/\/www.gruposantalaura.cl\/admin\/index.php?rest_route=\/wp\/v2\/pages\/2"}],"collection":[{"href":"http:\/\/www.gruposantalaura.cl\/admin\/index.php?rest_route=\/wp\/v2\/pages"}],"about":[{"href":"http:\/\/www.gruposantalaura.cl\/admin\/index.php?rest_route=\/wp\/v2\/types\/page"}],"author":[{"embeddable":true,"href":"http:\/\/www.gruposantalaura.cl\/admin\/index.php?rest_route=\/wp\/v2\/users\/1"}],"replies":[{"embeddable":true,"href":"http:\/\/www.gruposantalaura.cl\/admin\/index.php?rest_route=%2Fwp%2Fv2%2Fcomments&post=2"}],"version-history":[{"count":88,"href":"http:\/\/www.gruposantalaura.cl\/admin\/index.php?rest_route=\/wp\/v2\/pages\/2\/revisions"}],"predecessor-version":[{"id":27,"href":"http:\/\/www.gruposantalaura.cl\/admin\/index.php?rest_route=\/wp\/v2\/pages\/2\/revisions\/27"}],"wp:featuredmedia":[{"embeddable":true,"href":"http:\/\/www.gruposantalaura.cl\/admin\/index.php?rest_route=\/wp\/v2\/media\/951"}],"wp:attachment":[{"href":"http:\/\/www.gruposantalaura.cl\/admin\/index.php?rest_route=%2Fwp%2Fv2%2Fmedia&parent=2"}],"curies":[{"name":"wp","href":"https:\/\/api.w.org\/{rel}","templated":true}]}}