{"id":20,"date":"2014-02-13T22:20:18","date_gmt":"2014-02-13T22:20:18","guid":{"rendered":"http:\/\/www.gruposantalaura.cl\/admin\/?page_id=20"},"modified":"2014-08-04T22:20:30","modified_gmt":"2014-08-04T22:20:30","slug":"noticia-1","status":"publish","type":"page","link":"http:\/\/www.gruposantalaura.cl\/admin\/?page_id=20","title":{"rendered":"Producci\u00f3n Limpia"},"content":{"rendered":"<p><span style=\"text-align: justify;\"><a href=\"http:\/\/www.gruposantalaura.cl\/admin\/wp-content\/uploads\/2014\/02\/Asfaltadora-copia.jpg\"><img loading=\"lazy\" class=\"alignleft size-full wp-image-1357\" title=\"Web noticia chica 1\" src=\"http:\/\/www.gruposantalaura.cl\/admin\/wp-content\/uploads\/2014\/02\/Web-noticia-chica-1.jpg\" alt=\"\" width=\"100\" height=\"75\" \/><\/a>Minera Santa Laura suscribe un convenio que promueve la producci\u00f3n limpia de un sector productivo a trav\u00e9s de metas y acciones espec\u00edficas.<\/span><\/p>\n<p style=\"text-align: justify;\"><!--more--><br \/>\nEste acuerdo es celebrado entre un sector empresarial y las empresas y organismos p\u00fablicos que tengan competencia en las materias en cuesti\u00f3n. El objetivo general de los APL es servir como un instrumento de gesti\u00f3n que permita mejorar las condiciones productivas, ambientales, de eficiencia energ\u00e9tica y usos de agua, de higiene y seguridad laboral,entre otras materias, de las empresas de un determinado sector productivo. Esto, con el af\u00e1n de generar sinergia entre econom\u00edas de escala y la protecci\u00f3n al medioambiente. De igual forma, con este sistema se busca aumentar la productividad y mejorar la competitividad.<\/p>\n","protected":false},"excerpt":{"rendered":"<p>Minera Santa Laura suscribe un convenio que promueve la producci\u00f3n limpia de un sector productivo a trav\u00e9s de metas y acciones espec\u00edficas.<\/p>\n","protected":false},"author":1,"featured_media":0,"parent":0,"menu_order":41,"comment_status":"open","ping_status":"open","template":"","meta":[],"_links":{"self":[{"href":"http:\/\/www.gruposantalaura.cl\/admin\/index.php?rest_route=\/wp\/v2\/pages\/20"}],"collection":[{"href":"http:\/\/www.gruposantalaura.cl\/admin\/index.php?rest_route=\/wp\/v2\/pages"}],"about":[{"href":"http:\/\/www.gruposantalaura.cl\/admin\/index.php?rest_route=\/wp\/v2\/types\/page"}],"author":[{"embeddable":true,"href":"http:\/\/www.gruposantalaura.cl\/admin\/index.php?rest_route=\/wp\/v2\/users\/1"}],"replies":[{"embeddable":true,"href":"http:\/\/www.gruposantalaura.cl\/admin\/index.php?rest_route=%2Fwp%2Fv2%2Fcomments&post=20"}],"version-history":[{"count":67,"href":"http:\/\/www.gruposantalaura.cl\/admin\/index.php?rest_route=\/wp\/v2\/pages\/20\/revisions"}],"predecessor-version":[{"id":187,"href":"http:\/\/www.gruposantalaura.cl\/admin\/index.php?rest_route=\/wp\/v2\/pages\/20\/revisions\/187"}],"wp:attachment":[{"href":"http:\/\/www.gruposantalaura.cl\/admin\/index.php?rest_route=%2Fwp%2Fv2%2Fmedia&parent=20"}],"curies":[{"name":"wp","href":"https:\/\/api.w.org\/{rel}","templated":true}]}}