{"id":22,"date":"2014-02-13T22:20:36","date_gmt":"2014-02-13T22:20:36","guid":{"rendered":"http:\/\/www.gruposantalaura.cl\/admin\/?page_id=22"},"modified":"2014-08-04T16:50:45","modified_gmt":"2014-08-04T16:50:45","slug":"noticia-2","status":"publish","type":"page","link":"http:\/\/www.gruposantalaura.cl\/admin\/?page_id=22","title":{"rendered":"Campa\u00f1a de Vacunaci\u00f3n"},"content":{"rendered":"<p><img loading=\"lazy\" class=\"size-full wp-image-1595 alignleft\" title=\"Wen noticia chica\" src=\"http:\/\/www.gruposantalaura.cl\/admin\/wp-content\/uploads\/2014\/02\/Wen-noticia-chica1.jpg\" alt=\"\" width=\"100\" height=\"100\" srcset=\"http:\/\/www.gruposantalaura.cl\/admin\/wp-content\/uploads\/2014\/02\/Wen-noticia-chica1.jpg 100w, http:\/\/www.gruposantalaura.cl\/admin\/wp-content\/uploads\/2014\/02\/Wen-noticia-chica1-83x83.jpg 83w\" sizes=\"(max-width: 100px) 100vw, 100px\" \/>Se desarroll\u00f3 la Campa\u00f1a de Vacunaci\u00f3n contra la influenza.\u00a0<!--more--><br \/>\nEl est\u00edmulo fue otorgado en asamblea p\u00fablica, por el Consejo Nacional de Seguridad de Chile, tras haber participado en el 41\u00b0 Concurso Anual de Seguridad versi\u00f3n 2002.<\/p>\n<p>La baja tasa de accidentabilidad lograda por este grupo de empresas, lo sit\u00faa nuevamente entre los primeros de la Miner\u00eda Nacional, demostrando el inter\u00e9s de la administraci\u00f3n superior por la seguridad de sus trabajadores y el mejoramiento de su calidad de vida.<\/p>\n<p>La Mutual de Seguridad asesora al Grupo Santa Laura en la prevenci\u00f3n de sus riesgos operacionales y entrega protecci\u00f3n a sus colaboradores a trav\u00e9s de su red de agencias regionales en todo el pa\u00eds.<\/p>\n<p>Este est\u00edmulo en Prevenci\u00f3n de Riesgos, contribuye nuevamente en contar con ambientes seguros de trabajo para los Colaboradores del grupo de empresas y de mejor incidencia en mantenerla entre las 25 mejores empresas para trabajar en Chile.<\/p>\n","protected":false},"excerpt":{"rendered":"<p>Se desarroll\u00f3 la Campa\u00f1a de Vacunaci\u00f3n contra la influenza.\u00a0<\/p>\n","protected":false},"author":1,"featured_media":0,"parent":0,"menu_order":42,"comment_status":"open","ping_status":"open","template":"","meta":[],"_links":{"self":[{"href":"http:\/\/www.gruposantalaura.cl\/admin\/index.php?rest_route=\/wp\/v2\/pages\/22"}],"collection":[{"href":"http:\/\/www.gruposantalaura.cl\/admin\/index.php?rest_route=\/wp\/v2\/pages"}],"about":[{"href":"http:\/\/www.gruposantalaura.cl\/admin\/index.php?rest_route=\/wp\/v2\/types\/page"}],"author":[{"embeddable":true,"href":"http:\/\/www.gruposantalaura.cl\/admin\/index.php?rest_route=\/wp\/v2\/users\/1"}],"replies":[{"embeddable":true,"href":"http:\/\/www.gruposantalaura.cl\/admin\/index.php?rest_route=%2Fwp%2Fv2%2Fcomments&post=22"}],"version-history":[{"count":12,"href":"http:\/\/www.gruposantalaura.cl\/admin\/index.php?rest_route=\/wp\/v2\/pages\/22\/revisions"}],"predecessor-version":[{"id":208,"href":"http:\/\/www.gruposantalaura.cl\/admin\/index.php?rest_route=\/wp\/v2\/pages\/22\/revisions\/208"}],"wp:attachment":[{"href":"http:\/\/www.gruposantalaura.cl\/admin\/index.php?rest_route=%2Fwp%2Fv2%2Fmedia&parent=22"}],"curies":[{"name":"wp","href":"https:\/\/api.w.org\/{rel}","templated":true}]}}