{"id":24,"date":"2014-02-13T22:20:47","date_gmt":"2014-02-13T22:20:47","guid":{"rendered":"http:\/\/www.gruposantalaura.cl\/admin\/?page_id=24"},"modified":"2014-08-04T22:08:04","modified_gmt":"2014-08-04T22:08:04","slug":"noticia-3","status":"publish","type":"page","link":"http:\/\/www.gruposantalaura.cl\/admin\/?page_id=24","title":{"rendered":"Nuevas Obras"},"content":{"rendered":"<p><img loading=\"lazy\" class=\"size-full wp-image-1595 alignleft\" title=\"Web noticia chica 2\" src=\"http:\/\/www.gruposantalaura.cl\/admin\/wp-content\/uploads\/2014\/02\/Web-noticia-chica-2.jpg\" alt=\"\" width=\"100\" height=\"100\" \/><\/p>\n<p>Nuevas obras de Ingenier\u00eda y Construcci\u00f3n Santa Laura.<br \/>\n<!--more--><\/p>\n<p>Conozca las nuevas obras que desarrollar\u00e1 la empresa Ingenier\u00eda y Construcci\u00f3n Santa Laura.<\/p>\n","protected":false},"excerpt":{"rendered":"<p>Nuevas obras de Ingenier\u00eda y Construcci\u00f3n Santa Laura.<\/p>\n","protected":false},"author":1,"featured_media":0,"parent":0,"menu_order":43,"comment_status":"open","ping_status":"open","template":"","meta":[],"_links":{"self":[{"href":"http:\/\/www.gruposantalaura.cl\/admin\/index.php?rest_route=\/wp\/v2\/pages\/24"}],"collection":[{"href":"http:\/\/www.gruposantalaura.cl\/admin\/index.php?rest_route=\/wp\/v2\/pages"}],"about":[{"href":"http:\/\/www.gruposantalaura.cl\/admin\/index.php?rest_route=\/wp\/v2\/types\/page"}],"author":[{"embeddable":true,"href":"http:\/\/www.gruposantalaura.cl\/admin\/index.php?rest_route=\/wp\/v2\/users\/1"}],"replies":[{"embeddable":true,"href":"http:\/\/www.gruposantalaura.cl\/admin\/index.php?rest_route=%2Fwp%2Fv2%2Fcomments&post=24"}],"version-history":[{"count":36,"href":"http:\/\/www.gruposantalaura.cl\/admin\/index.php?rest_route=\/wp\/v2\/pages\/24\/revisions"}],"predecessor-version":[{"id":211,"href":"http:\/\/www.gruposantalaura.cl\/admin\/index.php?rest_route=\/wp\/v2\/pages\/24\/revisions\/211"}],"wp:attachment":[{"href":"http:\/\/www.gruposantalaura.cl\/admin\/index.php?rest_route=%2Fwp%2Fv2%2Fmedia&parent=24"}],"curies":[{"name":"wp","href":"https:\/\/api.w.org\/{rel}","templated":true}]}}