{"id":6,"date":"2014-02-13T21:31:17","date_gmt":"2014-02-13T21:31:17","guid":{"rendered":"http:\/\/www.gruposantalaura.cl\/admin\/?page_id=6"},"modified":"2014-07-11T19:47:08","modified_gmt":"2014-07-11T19:47:08","slug":"santa-laura-ingenieria-y-construccion","status":"publish","type":"page","link":"http:\/\/www.gruposantalaura.cl\/admin\/?page_id=6","title":{"rendered":"Ingenier\u00eda y Construcci\u00f3n Santa Laura"},"content":{"rendered":"<p style=\"text-align: center;\"><img loading=\"lazy\" class=\" wp-image-1548 aligncenter\" title=\"Portada ICSL V02-01\" src=\"http:\/\/www.gruposantalaura.cl\/admin\/wp-content\/uploads\/2014\/02\/Portada-ICSL-V02-01.png\" alt=\"\" width=\"934\" height=\"506\" srcset=\"http:\/\/www.gruposantalaura.cl\/admin\/wp-content\/uploads\/2014\/02\/Portada-ICSL-V02-01.png 1167w, http:\/\/www.gruposantalaura.cl\/admin\/wp-content\/uploads\/2014\/02\/Portada-ICSL-V02-01-300x162.png 300w, http:\/\/www.gruposantalaura.cl\/admin\/wp-content\/uploads\/2014\/02\/Portada-ICSL-V02-01-1024x554.png 1024w\" sizes=\"(max-width: 934px) 100vw, 934px\" \/><\/p>\n<table width=\"850\" border=\"0\" align=\"center\">\n<tbody>\n<tr>\n<td width=\"883\" height=\"133\">\n<p style=\"text-align: justify;\"><span style=\"line-height: 19px; color: #fafafa;\">Dedica al \u00e1rea de la construcci\u00f3n y principalmente a obras viales, Ingenier\u00eda y Construcci\u00f3n Santa Laura es una empresa definida bajo est\u00e1ndares modernos que responden a todas las exigencias del rubro. El respaldo del Grupo Santa Laura le permite contar materias primas de alta calidad, maquinaria especializada y con equipos profesionales de vasta trayectoria.<\/span><\/p>\n<\/td>\n<\/tr>\n<\/tbody>\n<\/table>\n","protected":false},"excerpt":{"rendered":"<p>Dedica al \u00e1rea de la construcci\u00f3n y principalmente a obras viales, Ingenier\u00eda y Construcci\u00f3n Santa Laura es una empresa definida bajo est\u00e1ndares modernos que responden a todas las exigencias del rubro. El respaldo del Grupo Santa Laura le permite contar materias primas de alta calidad, maquinaria especializada y con equipos profesionales de vasta trayectoria.<\/p>\n","protected":false},"author":1,"featured_media":955,"parent":0,"menu_order":15,"comment_status":"open","ping_status":"closed","template":"","meta":[],"_links":{"self":[{"href":"http:\/\/www.gruposantalaura.cl\/admin\/index.php?rest_route=\/wp\/v2\/pages\/6"}],"collection":[{"href":"http:\/\/www.gruposantalaura.cl\/admin\/index.php?rest_route=\/wp\/v2\/pages"}],"about":[{"href":"http:\/\/www.gruposantalaura.cl\/admin\/index.php?rest_route=\/wp\/v2\/types\/page"}],"author":[{"embeddable":true,"href":"http:\/\/www.gruposantalaura.cl\/admin\/index.php?rest_route=\/wp\/v2\/users\/1"}],"replies":[{"embeddable":true,"href":"http:\/\/www.gruposantalaura.cl\/admin\/index.php?rest_route=%2Fwp%2Fv2%2Fcomments&post=6"}],"version-history":[{"count":19,"href":"http:\/\/www.gruposantalaura.cl\/admin\/index.php?rest_route=\/wp\/v2\/pages\/6\/revisions"}],"predecessor-version":[{"id":596,"href":"http:\/\/www.gruposantalaura.cl\/admin\/index.php?rest_route=\/wp\/v2\/pages\/6\/revisions\/596"}],"wp:featuredmedia":[{"embeddable":true,"href":"http:\/\/www.gruposantalaura.cl\/admin\/index.php?rest_route=\/wp\/v2\/media\/955"}],"wp:attachment":[{"href":"http:\/\/www.gruposantalaura.cl\/admin\/index.php?rest_route=%2Fwp%2Fv2%2Fmedia&parent=6"}],"curies":[{"name":"wp","href":"https:\/\/api.w.org\/{rel}","templated":true}]}}