{"id":624,"date":"2014-03-14T17:59:40","date_gmt":"2014-03-14T17:59:40","guid":{"rendered":"http:\/\/www.gruposantalaura.cl\/admin\/?page_id=624"},"modified":"2014-06-13T13:40:06","modified_gmt":"2014-06-13T13:40:06","slug":"directorio-ms","status":"publish","type":"page","link":"http:\/\/www.gruposantalaura.cl\/admin\/?page_id=624","title":{"rendered":"Directorio MS"},"content":{"rendered":"<p align=\"center\"><strong>Directorio<\/strong><\/p>\n<p align=\"center\"><strong>\u00a0<\/strong><\/p>\n<p align=\"center\">Juan Alfonso Cristi Scheggia<\/p>\n<p align=\"center\">Presidente del Directorio<\/p>\n<p align=\"center\"><strong>\u00a0<\/strong><\/p>\n<p align=\"center\">Lord Castillo Campos<\/p>\n<p align=\"center\">Juan Alfonso Cristi Hormaz\u00e1bal<\/p>\n<p align=\"center\">Johnny Cristi Parcet<\/p>\n<p align=\"center\">Juan Andr\u00e9s Cristi Hormaz\u00e1bal<\/p>\n<p>&nbsp;<\/p>\n<p>&nbsp;<\/p>\n","protected":false},"excerpt":{"rendered":"<p>Directorio \u00a0 Juan Alfonso Cristi Scheggia Presidente del Directorio \u00a0 Lord Castillo Campos Juan Alfonso Cristi Hormaz\u00e1bal Johnny Cristi Parcet Juan Andr\u00e9s Cristi Hormaz\u00e1bal &nbsp; &nbsp;<\/p>\n","protected":false},"author":1,"featured_media":0,"parent":0,"menu_order":4,"comment_status":"open","ping_status":"open","template":"","meta":[],"_links":{"self":[{"href":"http:\/\/www.gruposantalaura.cl\/admin\/index.php?rest_route=\/wp\/v2\/pages\/624"}],"collection":[{"href":"http:\/\/www.gruposantalaura.cl\/admin\/index.php?rest_route=\/wp\/v2\/pages"}],"about":[{"href":"http:\/\/www.gruposantalaura.cl\/admin\/index.php?rest_route=\/wp\/v2\/types\/page"}],"author":[{"embeddable":true,"href":"http:\/\/www.gruposantalaura.cl\/admin\/index.php?rest_route=\/wp\/v2\/users\/1"}],"replies":[{"embeddable":true,"href":"http:\/\/www.gruposantalaura.cl\/admin\/index.php?rest_route=%2Fwp%2Fv2%2Fcomments&post=624"}],"version-history":[{"count":11,"href":"http:\/\/www.gruposantalaura.cl\/admin\/index.php?rest_route=\/wp\/v2\/pages\/624\/revisions"}],"predecessor-version":[{"id":1187,"href":"http:\/\/www.gruposantalaura.cl\/admin\/index.php?rest_route=\/wp\/v2\/pages\/624\/revisions\/1187"}],"wp:attachment":[{"href":"http:\/\/www.gruposantalaura.cl\/admin\/index.php?rest_route=%2Fwp%2Fv2%2Fmedia&parent=624"}],"curies":[{"name":"wp","href":"https:\/\/api.w.org\/{rel}","templated":true}]}}