{"id":8,"date":"2014-02-13T21:32:02","date_gmt":"2014-02-13T21:32:02","guid":{"rendered":"http:\/\/www.gruposantalaura.cl\/admin\/?page_id=8"},"modified":"2014-07-11T19:36:41","modified_gmt":"2014-07-11T19:36:41","slug":"santa-laura-hormigones","status":"publish","type":"page","link":"http:\/\/www.gruposantalaura.cl\/admin\/?page_id=8","title":{"rendered":"Santa Laura Hormigones"},"content":{"rendered":"<p style=\"text-align: center;\"><span style=\"color: #fafafa;\"><img loading=\"lazy\" class=\"wp-image-1538 aligncenter\" title=\"Portada SLH V02-01\" src=\"http:\/\/www.gruposantalaura.cl\/admin\/wp-content\/uploads\/2014\/02\/Portada-SLH-V02-01.png\" alt=\"\" width=\"934\" height=\"506\" srcset=\"http:\/\/www.gruposantalaura.cl\/admin\/wp-content\/uploads\/2014\/02\/Portada-SLH-V02-01.png 1167w, http:\/\/www.gruposantalaura.cl\/admin\/wp-content\/uploads\/2014\/02\/Portada-SLH-V02-01-300x162.png 300w, http:\/\/www.gruposantalaura.cl\/admin\/wp-content\/uploads\/2014\/02\/Portada-SLH-V02-01-1024x554.png 1024w\" sizes=\"(max-width: 934px) 100vw, 934px\" \/>Santa Laura Hormigones nace a principios del a\u00f1o 2013 para dar continuidad al negocio global del Grupo Santa Laura, que pasa de ser productor de \u00e1rido y transportador de hormig\u00f3n, a desarrollar la cadena de producci\u00f3n completa. Sus plantas operan con sistemas automatizados, sus modernos camiones la transforman en la empresa con la mejor flota del mercado y su laboratorio de vanguardia le permite garantizar altos est\u00e1ndares de calidad..<\/span><\/p>\n","protected":false},"excerpt":{"rendered":"<p>Santa Laura Hormigones nace a principios del a\u00f1o 2013 para dar continuidad al negocio global del Grupo Santa Laura, que pasa de ser productor de \u00e1rido y transportador de hormig\u00f3n, a desarrollar la cadena de producci\u00f3n completa. Sus plantas operan con sistemas automatizados, sus modernos camiones la transforman en la empresa con la mejor flota [&hellip;]<\/p>\n","protected":false},"author":1,"featured_media":957,"parent":0,"menu_order":9,"comment_status":"open","ping_status":"closed","template":"","meta":[],"_links":{"self":[{"href":"http:\/\/www.gruposantalaura.cl\/admin\/index.php?rest_route=\/wp\/v2\/pages\/8"}],"collection":[{"href":"http:\/\/www.gruposantalaura.cl\/admin\/index.php?rest_route=\/wp\/v2\/pages"}],"about":[{"href":"http:\/\/www.gruposantalaura.cl\/admin\/index.php?rest_route=\/wp\/v2\/types\/page"}],"author":[{"embeddable":true,"href":"http:\/\/www.gruposantalaura.cl\/admin\/index.php?rest_route=\/wp\/v2\/users\/1"}],"replies":[{"embeddable":true,"href":"http:\/\/www.gruposantalaura.cl\/admin\/index.php?rest_route=%2Fwp%2Fv2%2Fcomments&post=8"}],"version-history":[{"count":21,"href":"http:\/\/www.gruposantalaura.cl\/admin\/index.php?rest_route=\/wp\/v2\/pages\/8\/revisions"}],"predecessor-version":[{"id":38,"href":"http:\/\/www.gruposantalaura.cl\/admin\/index.php?rest_route=\/wp\/v2\/pages\/8\/revisions\/38"}],"wp:featuredmedia":[{"embeddable":true,"href":"http:\/\/www.gruposantalaura.cl\/admin\/index.php?rest_route=\/wp\/v2\/media\/957"}],"wp:attachment":[{"href":"http:\/\/www.gruposantalaura.cl\/admin\/index.php?rest_route=%2Fwp%2Fv2%2Fmedia&parent=8"}],"curies":[{"name":"wp","href":"https:\/\/api.w.org\/{rel}","templated":true}]}}