{"id":866,"date":"2014-03-18T14:44:37","date_gmt":"2014-03-18T14:44:37","guid":{"rendered":"http:\/\/www.gruposantalaura.cl\/admin\/?page_id=866"},"modified":"2019-08-09T14:35:07","modified_gmt":"2019-08-09T14:35:07","slug":"politica-de-calidad-i","status":"publish","type":"page","link":"http:\/\/www.gruposantalaura.cl\/admin\/?page_id=866","title":{"rendered":"Pol\u00edtica de Calidad I"},"content":{"rendered":"<h1 style=\"color:#da231d;margin-top: 50px;\">POL\u00cdTICA I<\/h1>\n<p style=\"text-align: center;\">\n<p style=\"text-align: justify;\">INGENIERIA Y CONSTRUCCIONES SANTA LAURA SPA. es una empresa perteneciente al grupo de Empresas Santa Laura, la cual se dedica al \u00e1rea de la construcci\u00f3n y obras civiles en general. Nuestros productos y servicios son Construcci\u00f3n y Reparaci\u00f3n de Edificios, Viviendas, Caminos, Puentes, Obras P\u00fablicas, Extracci\u00f3n y Comercializaci\u00f3n de \u00c1ridos, Venta y Producci\u00f3n de Mezclas Asf\u00e1lticas en Caliente, siendo los principales clientes empresas del \u00e1rea p\u00fablica y privada.\n\t<\/p>\n<p style=\"text-align: justify;\">Nos comprometemos a lograr la satisfacci\u00f3n del cliente, para lo cual seguiremos estos principios:<\/p>\n<ul>\n<li>Cumplir con los requisitos aplicables.<\/li>\n<li>Mejorar continuamente la eficacia de nuestro Sistema de Gesti\u00f3n de la Calidad.<\/li>\n<li>Lograr un ambiente de trabajo seguro para nuestros colaboradores.<\/li>\n<li>Cumplir con los plazos acordados.<\/li>\n<li>Mejorar la eficacia y eficiencia operativa de nuestros procesos.<\/li>\n<\/ul>\n<p>\t<center><\/p>\n<h4 style=\"font-size: 17px;color: #000000bf;\">JUAN ALFONSO CRISTI HORMAZABAL<\/h4>\n<p>pp. INGENIERIA Y CONSTRUCCIONES<\/p>\n<p>SANTA LAURA SPA.<\/p>\n<p>\t<\/center><\/p>\n<p style=\"text-align: right;\">MC.1.1 &#8211; 22\/01\/18 V2<\/p>\n<h2 style=\"color:#da231d;\">POL\u00cdTICA<\/h2>\n<p><iframe loading=\"lazy\" src=\"https:\/\/docs.google.com\/viewer?url=http:\/\/www.gruposantalaura.cl\/admin\/wp-content\/uploads\/2014\/03\/Politica.pdf&#038;embedded=true\" frameborder=\"0\" height=\"500px\" width=\"100%\"><\/iframe><\/p>\n<p>\t<a href=\"http:\/\/www.gruposantalaura.cl\/admin\/wp-content\/uploads\/2014\/03\/Politica.pdf\" target=\"_blank\"><\/p>\n<p style=\"color:#da231d;\">Descargar Pol\u00edtica de Calidad<\/p>\n<p>\t<\/a><\/p>\n","protected":false},"excerpt":{"rendered":"<p>POL\u00cdTICA I INGENIERIA Y CONSTRUCCIONES SANTA LAURA SPA. es una empresa perteneciente al grupo de Empresas Santa Laura, la cual se dedica al \u00e1rea de la construcci\u00f3n y obras civiles en general. Nuestros productos y servicios son Construcci\u00f3n y Reparaci\u00f3n de Edificios, Viviendas, Caminos, Puentes, Obras P\u00fablicas, Extracci\u00f3n y Comercializaci\u00f3n de \u00c1ridos, Venta y Producci\u00f3n [&hellip;]<\/p>\n","protected":false},"author":1,"featured_media":0,"parent":0,"menu_order":18,"comment_status":"open","ping_status":"open","template":"","meta":[],"_links":{"self":[{"href":"http:\/\/www.gruposantalaura.cl\/admin\/index.php?rest_route=\/wp\/v2\/pages\/866"}],"collection":[{"href":"http:\/\/www.gruposantalaura.cl\/admin\/index.php?rest_route=\/wp\/v2\/pages"}],"about":[{"href":"http:\/\/www.gruposantalaura.cl\/admin\/index.php?rest_route=\/wp\/v2\/types\/page"}],"author":[{"embeddable":true,"href":"http:\/\/www.gruposantalaura.cl\/admin\/index.php?rest_route=\/wp\/v2\/users\/1"}],"replies":[{"embeddable":true,"href":"http:\/\/www.gruposantalaura.cl\/admin\/index.php?rest_route=%2Fwp%2Fv2%2Fcomments&post=866"}],"version-history":[{"count":20,"href":"http:\/\/www.gruposantalaura.cl\/admin\/index.php?rest_route=\/wp\/v2\/pages\/866\/revisions"}],"predecessor-version":[{"id":1760,"href":"http:\/\/www.gruposantalaura.cl\/admin\/index.php?rest_route=\/wp\/v2\/pages\/866\/revisions\/1760"}],"wp:attachment":[{"href":"http:\/\/www.gruposantalaura.cl\/admin\/index.php?rest_route=%2Fwp%2Fv2%2Fmedia&parent=866"}],"curies":[{"name":"wp","href":"https:\/\/api.w.org\/{rel}","templated":true}]}}