{"id":868,"date":"2014-03-18T14:44:51","date_gmt":"2014-03-18T14:44:51","guid":{"rendered":"http:\/\/www.gruposantalaura.cl\/admin\/?page_id=868"},"modified":"2019-09-12T16:25:25","modified_gmt":"2019-09-12T16:25:25","slug":"certificaciones-i","status":"publish","type":"page","link":"http:\/\/www.gruposantalaura.cl\/admin\/?page_id=868","title":{"rendered":"Certificaciones I"},"content":{"rendered":"<h1 style=\"color:#da231d;margin-top: 50px;\">INSCRIPCIONES VIGENTES Y CERTIFICACIONES<\/h1>\n<p style=\"text-align: center;\">\n<h2 style=\"color: #000000bf;font-size: 17px;padding: 5px 0;\">1.- Ministerio de Obras Publicas<\/h2>\n<ul>\n<li>1 O.C. Obras de Movimiento de Tierras, Primera Categor\u00eda.<\/li>\n<li>2 O.C. Obras de Hormig\u00f3n Estructural, Primera Categor\u00eda.<\/li>\n<li>3 O.C. Pavimentos, Primera Categor\u00eda.<\/li>\n<li>5 O.C. Obras de Colocaci\u00f3n de Tuber\u00edas, Segunda Categor\u00eda.<\/li>\n<li>6 O.C. Obras de Arquitectura, Tercera Categor\u00eda A.<\/li>\n<li>7 O.C. Galer\u00edas, T\u00faneles, Piques y Cavernas, Primera Categor\u00eda.<\/li>\n<li>8 O.C. Sondajes y Prospecciones, Tercera Categor\u00eda.<\/li>\n<li>10 O.C. Fundaciones, Primera Categor\u00eda.<\/li>\n<li>15 O.C. Puentes y Cruces desnivelados, Primera Categor\u00eda.<\/li>\n<li>18 O.C. Se\u00f1alizaci\u00f3n Horizontal de Seguridad Vial, Tercera Categor\u00eda.<\/li>\n<li>19 O.C. Barreras de Seguridad y elementos de Contenci\u00f3n de Seguridad Vial, Tercera Categor\u00eda.<\/li>\n<li>20 O.C. Cierres Perimetrales y Vallas de Seguridad Vial, Tercera Categor\u00eda.<\/li>\n<\/ul>\n<h2 style=\"color: #000000bf;font-size: 17px;padding: 5px 0;\">2.- SERVIU<\/h2>\n<ul>\n<li>Registro de Obras Viales (B-1), Primera Categor\u00eda.<\/li>\n<\/ul>\n<h2 style=\"color: #000000bf;font-size: 17px;padding: 5px 0;\">3.- Certificaci\u00f3n Norma ISO<\/h2>\n<ul>\n<li>ISO 9001:2015, Nch ISO 9001. of 2015.<\/li>\n<\/ul>\n<p>\n<img loading=\"lazy\" class=\"\" title=\"\" src=\"http:\/\/www.gruposantalaura.cl\/admin\/wp-content\/uploads\/2014\/03\/ISO_9001-SN_RGB.png\" alt=\"\" width=\"auto\" height=\"200\" \/>\n<\/p>\n<h2 style=\"color:#da231d;margin: 25px 0;\">CERTIFICACI\u00d3N<\/h2>\n<p>\t<iframe loading=\"lazy\" src=\"https:\/\/docs.google.com\/viewer?url=http:\/\/www.gruposantalaura.cl\/admin\/wp-content\/uploads\/2014\/03\/Certificado-ISO9001.2015-ICSL.-APPLUS.pdf&#038;embedded=true\" frameborder=\"0\" height=\"500px\" width=\"100%\"><\/iframe><br \/>\n\t<a href=\"http:\/\/www.gruposantalaura.cl\/admin\/wp-content\/uploads\/2014\/03\/Certificado-ISO9001.2015-ICSL.-APPLUS.pdf\" target=\"_blank\"><\/p>\n<p style=\"color:#da231d;\">Descargar Certificaci\u00f3n ISO<\/p>\n<p>\t<\/a><\/p>\n","protected":false},"excerpt":{"rendered":"<p>INSCRIPCIONES VIGENTES Y CERTIFICACIONES 1.- Ministerio de Obras Publicas 1 O.C. Obras de Movimiento de Tierras, Primera Categor\u00eda. 2 O.C. Obras de Hormig\u00f3n Estructural, Primera Categor\u00eda. 3 O.C. Pavimentos, Primera Categor\u00eda. 5 O.C. Obras de Colocaci\u00f3n de Tuber\u00edas, Segunda Categor\u00eda. 6 O.C. Obras de Arquitectura, Tercera Categor\u00eda A. 7 O.C. Galer\u00edas, T\u00faneles, Piques y Cavernas, [&hellip;]<\/p>\n","protected":false},"author":1,"featured_media":0,"parent":0,"menu_order":19,"comment_status":"open","ping_status":"open","template":"","meta":[],"_links":{"self":[{"href":"http:\/\/www.gruposantalaura.cl\/admin\/index.php?rest_route=\/wp\/v2\/pages\/868"}],"collection":[{"href":"http:\/\/www.gruposantalaura.cl\/admin\/index.php?rest_route=\/wp\/v2\/pages"}],"about":[{"href":"http:\/\/www.gruposantalaura.cl\/admin\/index.php?rest_route=\/wp\/v2\/types\/page"}],"author":[{"embeddable":true,"href":"http:\/\/www.gruposantalaura.cl\/admin\/index.php?rest_route=\/wp\/v2\/users\/1"}],"replies":[{"embeddable":true,"href":"http:\/\/www.gruposantalaura.cl\/admin\/index.php?rest_route=%2Fwp%2Fv2%2Fcomments&post=868"}],"version-history":[{"count":21,"href":"http:\/\/www.gruposantalaura.cl\/admin\/index.php?rest_route=\/wp\/v2\/pages\/868\/revisions"}],"predecessor-version":[{"id":1771,"href":"http:\/\/www.gruposantalaura.cl\/admin\/index.php?rest_route=\/wp\/v2\/pages\/868\/revisions\/1771"}],"wp:attachment":[{"href":"http:\/\/www.gruposantalaura.cl\/admin\/index.php?rest_route=%2Fwp%2Fv2%2Fmedia&parent=868"}],"curies":[{"name":"wp","href":"https:\/\/api.w.org\/{rel}","templated":true}]}}